{"id":9302,"date":"2022-03-23T10:59:52","date_gmt":"2022-03-23T09:59:52","guid":{"rendered":"https:\/\/wirtschaftstheorie.cms.rrze.uni-erlangen.de\/?page_id=9302"},"modified":"2022-03-23T10:59:55","modified_gmt":"2022-03-23T09:59:55","slug":"organisationen","status":"publish","type":"page","link":"https:\/\/www.wirtschaftstheorie.rw.fau.de\/en\/organisationen\/","title":{"rendered":"Organizations"},"content":{"rendered":"<p><a href=\"http:\/\/www.steuerzahler.de\/\">Bund der Steuerzahler<\/a><\/p>\n<p><a href=\"http:\/\/www.arbeitsamt.de\/hst\/index.html\">Bundesanstalt f\u00fcr Arbeit<\/a><\/p>\n<p><a href=\"http:\/\/www.bundeskanzler.de\/\">Bundeskanzleramt<\/a><\/p>\n<p><a href=\"http:\/\/www.bundeskartellamt.de\/\">Bundeskartellamt<\/a><\/p>\n<p><a href=\"http:\/\/www.bda-online.de\/\">Bundesvereinigung der deutschen Arbeitgeberverb\u00e4nde (BDA)<\/a><\/p>\n<p><a href=\"http:\/\/www.bundesfinanzministerium.de\/\">Bundesministerium der Finanzen<\/a><\/p>\n<p><a href=\"http:\/\/www.bma.bund.de\/\">Bundesministerium f\u00fcr Arbeit und Sozialordnung<\/a><\/p>\n<p><a href=\"http:\/\/www.bmbf.de\/\">Bundesministerium f\u00fcr Bildung und Forschung<\/a><\/p>\n<p><a href=\"http:\/\/www.bmwi.de\/textonly\/Homepage\/Startseite.jsp\">Bundesministerium f\u00fcr Wirtschaft und Technologie<\/a><\/p>\n<p><a href=\"http:\/\/www.bmz.de\/\">Bundesministerium f\u00fcr wirtschaftliche Zusammenarbeit und Entwicklung<\/a><\/p>\n<p><a href=\"http:\/\/www.buendnis.de\/\">B\u00fcndnis f\u00fcr Arbeit<\/a><\/p>\n<p><a href=\"http:\/\/www.cepr.org\/\">Centre for Economic Policy Research<\/a><\/p>\n<p><a href=\"http:\/\/www.bundesbank.de\/\">Deutsche Bundesbank<\/a><\/p>\n<p><a href=\"http:\/\/www.dgb.de\/\">Deutscher Gewerkschaftsbund (DGB)<\/a><\/p>\n<p><a href=\"http:\/\/www.econometricsociety.org\/\" target=\"_blank\" rel=\"noopener\">Econometric Society<\/a><\/p>\n<p><a href=\"http:\/\/www.eco5.com\/\">eco5.com<\/a><\/p>\n<p><a href=\"http:\/\/www.ecb.int\/\">European Central Bank (ECB)<\/a><\/p>\n<p><a href=\"http:\/\/www.ilo.org\/\">International Labour Organization (ILO)<\/a><\/p>\n<p><a href=\"http:\/\/www.imf.org\/\">International Monetary Fund (IMF)<\/a><\/p>\n<p><a href=\"http:\/\/www.mpg.de\/\">Max-Planck-Gesellschaft (MPG)<\/a><\/p>\n<p><a href=\"http:\/\/nber.org\/\">National Bureau of Economic Research (NBER)<\/a><\/p>\n<p><a href=\"http:\/\/www.ose.be\/\">Observatoire Social Europ\u00e9en<\/a><\/p>\n<p><a href=\"http:\/\/www.oecd.org\/\">Organisation for Economic Co-operation and Development (OECD)<\/a><\/p>\n<p><a href=\"http:\/\/www.sachverstaendigenrat-wirtschaft.de\/\">Sachverst\u00e4ndigenrat zur Begutachtung der gesamtwirtschaftlichen Entwicklung (SVR)<\/a><\/p>\n<p><a href=\"http:\/\/www.unog.ch\/\">United Nations (UN)<\/a><\/p>\n<p><a href=\"http:\/\/www.worldbank.org\/\">World Bank<\/a><\/p>\n<p><a href=\"http:\/\/www.wto.org\/\">World Trade Organisation <\/a><\/p>\n","protected":false},"excerpt":{"rendered":"<p>Bund der Steuerzahler Bundesanstalt f\u00fcr Arbeit Bundeskanzleramt Bundeskartellamt Bundesvereinigung der deutschen Arbeitgeberverb\u00e4nde (BDA) Bundesministerium der Finanzen Bundesministerium f\u00fcr Arbeit und Sozialordnung Bundesministerium f\u00fcr Bildung und Forschung Bundesministerium f\u00fcr Wirtschaft und Technologie Bundesministerium f\u00fcr wirtschaftliche Zusammenarbeit und Entwicklung B\u00fcndnis f\u00fcr Arbeit Centre for Economic Policy Research Deutsche Bundesbank Deutscher Gewerkschaftsbund (DGB) Econometric Society eco5.com European Central [&hellip;]<\/p>\n","protected":false},"author":3740,"featured_media":0,"parent":0,"menu_order":0,"comment_status":"closed","ping_status":"closed","template":"","meta":{"_rrze_cache":"enabled","_access_permission":"","_rrze_multilang_single_locale":"en_GB","_rrze_multilang_single_source":"http:\/\/www.wirtschaftstheorie.wiso.uni-erlangen.de:2262\/?page_id=617","footnotes":""},"page_category":[],"page_tag":[],"workflow_usergroup":[],"class_list":["post-9302","page","type-page","status-publish","hentry","en-GB"],"_links":{"self":[{"href":"https:\/\/www.wirtschaftstheorie.rw.fau.de\/wp-json\/wp\/v2\/pages\/9302","targetHints":{"allow":["GET"]}}],"collection":[{"href":"https:\/\/www.wirtschaftstheorie.rw.fau.de\/wp-json\/wp\/v2\/pages"}],"about":[{"href":"https:\/\/www.wirtschaftstheorie.rw.fau.de\/wp-json\/wp\/v2\/types\/page"}],"author":[{"embeddable":true,"href":"https:\/\/www.wirtschaftstheorie.rw.fau.de\/wp-json\/wp\/v2\/users\/3740"}],"replies":[{"embeddable":true,"href":"https:\/\/www.wirtschaftstheorie.rw.fau.de\/wp-json\/wp\/v2\/comments?post=9302"}],"version-history":[{"count":1,"href":"https:\/\/www.wirtschaftstheorie.rw.fau.de\/wp-json\/wp\/v2\/pages\/9302\/revisions"}],"predecessor-version":[{"id":9303,"href":"https:\/\/www.wirtschaftstheorie.rw.fau.de\/wp-json\/wp\/v2\/pages\/9302\/revisions\/9303"}],"wp:attachment":[{"href":"https:\/\/www.wirtschaftstheorie.rw.fau.de\/wp-json\/wp\/v2\/media?parent=9302"}],"wp:term":[{"taxonomy":"page_category","embeddable":true,"href":"https:\/\/www.wirtschaftstheorie.rw.fau.de\/wp-json\/wp\/v2\/page_category?post=9302"},{"taxonomy":"page_tag","embeddable":true,"href":"https:\/\/www.wirtschaftstheorie.rw.fau.de\/wp-json\/wp\/v2\/page_tag?post=9302"},{"taxonomy":"workflow_usergroup","embeddable":true,"href":"https:\/\/www.wirtschaftstheorie.rw.fau.de\/wp-json\/wp\/v2\/workflow_usergroup?post=9302"}],"curies":[{"name":"wp","href":"https:\/\/api.w.org\/{rel}","templated":true}]}}