{"id":9253,"date":"2022-03-23T10:54:28","date_gmt":"2022-03-23T09:54:28","guid":{"rendered":"https:\/\/wirtschaftstheorie.cms.rrze.uni-erlangen.de\/?page_id=9253"},"modified":"2022-05-18T14:18:50","modified_gmt":"2022-05-18T12:18:50","slug":"vergangene-seminare","status":"publish","type":"page","link":"https:\/\/www.wirtschaftstheorie.rw.fau.de\/en\/lehre\/seminare\/vergangene-seminare\/","title":{"rendered":"Former seminars"},"content":{"rendered":"<p><strong>We had seminars about the following topics:<br \/>\n<\/strong><\/p>\n<p>&#8211; Liebes\u00f6konomie<\/p>\n<p>&#8211; Energiewende in Deutschland<\/p>\n<p>&#8211; Competition Policy<\/p>\n<p>&#8211; Gesundheits\u00f6konomik<\/p>\n<p>&#8211; Marktdesign<\/p>\n<p>&#8211; Neuro\u00f6konomie<\/p>\n<p>&#8211; Tax Avoidance and Corporate Tax Shelters<\/p>\n<p>&#8211; Why obey the law? &#8211; Norms, rules and lows: Real world, theory and behavioral experiments<\/p>\n<p>&#8211; Energiem\u00e4rkte<\/p>\n<p>&#8211; Methods and Practice in Behavioral and Experimental Economics<\/p>\n<p>&#8211; Die Rationalit\u00e4tsannahme in der \u00d6konomie<\/p>\n<p>&#8211; <a title=\"Project Seminar: Experimental Economics\" href=\"https:\/\/wirtschaftstheorie.cms.rrze.uni-erlangen.de\/files\/2017\/07\/expwifo_announcement_ws17_18.pdf\">Project Seminar: Experimental Economics<\/a><\/p>\n<p>&#8211; <a title=\"Seminar Verhaltens\u00f6konomie und experimentelle Evidenz\" href=\"https:\/\/wirtschaftstheorie.cms.rrze.uni-erlangen.de\/files\/2018\/04\/ankuendigung_ba_seminar_ss2018.pdf\">Seminar Verhaltens\u00f6konomie und experimentelle Evidenz<\/a><\/p>\n<p>&#8211; <a href=\"https:\/\/wirtschaftstheorie.cms.rrze.uni-erlangen.de\/2016\/07\/22\/seminar-the-rationality-assumption-in-economics\/\">The Rationality Assumption in Economic<\/a> (<a title=\"List of Topics\" href=\"https:\/\/wirtschaftstheorie.cms.rrze.uni-erlangen.de\/files\/2016\/10\/list_of_topics.pdf\">List of Topics<\/a>)<\/p>\n","protected":false},"excerpt":{"rendered":"<p>We had seminars about the following topics: &#8211; Liebes\u00f6konomie &#8211; Energiewende in Deutschland &#8211; Competition Policy &#8211; Gesundheits\u00f6konomik &#8211; Marktdesign &#8211; Neuro\u00f6konomie &#8211; Tax Avoidance and Corporate Tax Shelters &#8211; Why obey the law? &#8211; Norms, rules and lows: Real world, theory and behavioral experiments &#8211; Energiem\u00e4rkte &#8211; Methods and Practice in Behavioral and Experimental [&hellip;]<\/p>\n","protected":false},"author":3740,"featured_media":0,"parent":9247,"menu_order":0,"comment_status":"closed","ping_status":"closed","template":"","meta":{"_rrze_cache":"enabled","_access_permission":"","_rrze_multilang_single_locale":"en_GB","_rrze_multilang_single_source":"http:\/\/www.wirtschaftstheorie.wiso.uni-erlangen.de:2262\/?page_id=590","footnotes":""},"page_category":[],"page_tag":[],"workflow_usergroup":[],"class_list":["post-9253","page","type-page","status-publish","hentry","en-GB"],"_links":{"self":[{"href":"https:\/\/www.wirtschaftstheorie.rw.fau.de\/wp-json\/wp\/v2\/pages\/9253","targetHints":{"allow":["GET"]}}],"collection":[{"href":"https:\/\/www.wirtschaftstheorie.rw.fau.de\/wp-json\/wp\/v2\/pages"}],"about":[{"href":"https:\/\/www.wirtschaftstheorie.rw.fau.de\/wp-json\/wp\/v2\/types\/page"}],"author":[{"embeddable":true,"href":"https:\/\/www.wirtschaftstheorie.rw.fau.de\/wp-json\/wp\/v2\/users\/3740"}],"replies":[{"embeddable":true,"href":"https:\/\/www.wirtschaftstheorie.rw.fau.de\/wp-json\/wp\/v2\/comments?post=9253"}],"version-history":[{"count":4,"href":"https:\/\/www.wirtschaftstheorie.rw.fau.de\/wp-json\/wp\/v2\/pages\/9253\/revisions"}],"predecessor-version":[{"id":10444,"href":"https:\/\/www.wirtschaftstheorie.rw.fau.de\/wp-json\/wp\/v2\/pages\/9253\/revisions\/10444"}],"up":[{"embeddable":true,"href":"https:\/\/www.wirtschaftstheorie.rw.fau.de\/wp-json\/wp\/v2\/pages\/9247"}],"wp:attachment":[{"href":"https:\/\/www.wirtschaftstheorie.rw.fau.de\/wp-json\/wp\/v2\/media?parent=9253"}],"wp:term":[{"taxonomy":"page_category","embeddable":true,"href":"https:\/\/www.wirtschaftstheorie.rw.fau.de\/wp-json\/wp\/v2\/page_category?post=9253"},{"taxonomy":"page_tag","embeddable":true,"href":"https:\/\/www.wirtschaftstheorie.rw.fau.de\/wp-json\/wp\/v2\/page_tag?post=9253"},{"taxonomy":"workflow_usergroup","embeddable":true,"href":"https:\/\/www.wirtschaftstheorie.rw.fau.de\/wp-json\/wp\/v2\/workflow_usergroup?post=9253"}],"curies":[{"name":"wp","href":"https:\/\/api.w.org\/{rel}","templated":true}]}}