{"id":9224,"date":"2022-03-23T11:01:38","date_gmt":"2022-03-23T10:01:38","guid":{"rendered":"https:\/\/wirtschaftstheorie.cms.rrze.uni-erlangen.de\/?page_id=9224"},"modified":"2022-05-18T12:21:43","modified_gmt":"2022-05-18T10:21:43","slug":"kontakt","status":"publish","type":"page","link":"https:\/\/www.wirtschaftstheorie.rw.fau.de\/en\/kontakt\/","title":{"rendered":"Contact"},"content":{"rendered":"<p><strong>Lehrstuhl f\u00fcr Volkswirtschaftslehre,<br \/>\n<\/strong><strong> insbesondere Wirtschaftstheorie<\/strong><br \/>\nUniversit\u00e4t Erlangen-N\u00fcrnberg<br \/>\nPostfach 3931<br \/>\nD-90020 N\u00fcrnberg<\/p>\n<p>Lange Gasse 20<br \/>\nD-90403 N\u00fcrnberg<\/p>\n<p>Tel.: +49 (0)911 5302 95224<br \/>\nFax.: +49 (0)911 5302 168<\/p>\n","protected":false},"excerpt":{"rendered":"<p>Lehrstuhl f\u00fcr Volkswirtschaftslehre, insbesondere Wirtschaftstheorie Universit\u00e4t Erlangen-N\u00fcrnberg Postfach 3931 D-90020 N\u00fcrnberg Lange Gasse 20 D-90403 N\u00fcrnberg Tel.: +49 (0)911 5302 95224 Fax.: +49 (0)911 5302 168<\/p>\n","protected":false},"author":3740,"featured_media":0,"parent":0,"menu_order":0,"comment_status":"closed","ping_status":"closed","template":"","meta":{"_rrze_cache":"enabled","_access_permission":"","_rrze_multilang_single_locale":"en_GB","_rrze_multilang_single_source":"http:\/\/www.wirtschaftstheorie.wiso.uni-erlangen.de:2262\/?page_id=50","footnotes":""},"page_category":[],"page_tag":[],"workflow_usergroup":[],"class_list":["post-9224","page","type-page","status-publish","hentry","en-GB"],"_links":{"self":[{"href":"https:\/\/www.wirtschaftstheorie.rw.fau.de\/wp-json\/wp\/v2\/pages\/9224","targetHints":{"allow":["GET"]}}],"collection":[{"href":"https:\/\/www.wirtschaftstheorie.rw.fau.de\/wp-json\/wp\/v2\/pages"}],"about":[{"href":"https:\/\/www.wirtschaftstheorie.rw.fau.de\/wp-json\/wp\/v2\/types\/page"}],"author":[{"embeddable":true,"href":"https:\/\/www.wirtschaftstheorie.rw.fau.de\/wp-json\/wp\/v2\/users\/3740"}],"replies":[{"embeddable":true,"href":"https:\/\/www.wirtschaftstheorie.rw.fau.de\/wp-json\/wp\/v2\/comments?post=9224"}],"version-history":[{"count":2,"href":"https:\/\/www.wirtschaftstheorie.rw.fau.de\/wp-json\/wp\/v2\/pages\/9224\/revisions"}],"predecessor-version":[{"id":10434,"href":"https:\/\/www.wirtschaftstheorie.rw.fau.de\/wp-json\/wp\/v2\/pages\/9224\/revisions\/10434"}],"wp:attachment":[{"href":"https:\/\/www.wirtschaftstheorie.rw.fau.de\/wp-json\/wp\/v2\/media?parent=9224"}],"wp:term":[{"taxonomy":"page_category","embeddable":true,"href":"https:\/\/www.wirtschaftstheorie.rw.fau.de\/wp-json\/wp\/v2\/page_category?post=9224"},{"taxonomy":"page_tag","embeddable":true,"href":"https:\/\/www.wirtschaftstheorie.rw.fau.de\/wp-json\/wp\/v2\/page_tag?post=9224"},{"taxonomy":"workflow_usergroup","embeddable":true,"href":"https:\/\/www.wirtschaftstheorie.rw.fau.de\/wp-json\/wp\/v2\/workflow_usergroup?post=9224"}],"curies":[{"name":"wp","href":"https:\/\/api.w.org\/{rel}","templated":true}]}}